{"id":559,"date":"2021-10-23T15:09:03","date_gmt":"2021-10-23T15:09:03","guid":{"rendered":"https:\/\/www.amiximplant.com\/?page_id=559"},"modified":"2022-04-13T07:27:31","modified_gmt":"2022-04-13T07:27:31","slug":"politica-de-privacidad","status":"publish","type":"page","link":"https:\/\/www.amiximplant.com\/es\/politica-de-privacidad\/","title":{"rendered":"Pol\u00edtica de privacidad"},"content":{"rendered":"<div class=\"fusion-fullwidth fullwidth-box fusion-builder-row-1 fusion-flex-container nonhundred-percent-fullwidth non-hundred-percent-height-scrolling\" style=\"--awb-border-radius-top-left:0px;--awb-border-radius-top-right:0px;--awb-border-radius-bottom-right:0px;--awb-border-radius-bottom-left:0px;\" ><div class=\"fusion-builder-row fusion-row fusion-flex-align-items-flex-start\" style=\"max-width:104%;margin-left: calc(-4% \/ 2 );margin-right: calc(-4% \/ 2 );\"><div class=\"fusion-layout-column fusion_builder_column fusion-builder-column-0 fusion_builder_column_1_6 1_6 fusion-flex-column\" style=\"--awb-bg-size:cover;--awb-width-large:16.666666666667%;--awb-margin-top-large:0px;--awb-spacing-right-large:11.52%;--awb-margin-bottom-large:0px;--awb-spacing-left-large:11.52%;--awb-width-medium:16.666666666667%;--awb-spacing-right-medium:11.52%;--awb-spacing-left-medium:11.52%;--awb-width-small:100%;--awb-spacing-right-small:1.92%;--awb-spacing-left-small:1.92%;\"><div class=\"fusion-column-wrapper fusion-flex-justify-content-flex-start fusion-content-layout-column\"><\/div><\/div><div class=\"fusion-layout-column fusion_builder_column fusion-builder-column-1 fusion_builder_column_2_3 2_3 fusion-flex-column\" style=\"--awb-bg-size:cover;--awb-width-large:66.666666666667%;--awb-margin-top-large:0px;--awb-spacing-right-large:2.88%;--awb-margin-bottom-large:0px;--awb-spacing-left-large:2.88%;--awb-width-medium:66.666666666667%;--awb-spacing-right-medium:2.88%;--awb-spacing-left-medium:2.88%;--awb-width-small:100%;--awb-spacing-right-small:1.92%;--awb-spacing-left-small:1.92%;\"><div class=\"fusion-column-wrapper fusion-flex-justify-content-flex-start fusion-content-layout-column\"><div class=\"fusion-title title fusion-title-1 fusion-sep-none fusion-title-center fusion-title-text fusion-title-size-two\"><h2 class=\"title-heading-center\" style=\"margin:0;\">Pol\u00edtica de privacidad<\/p>\r\n<p>\u00a0<\/h2><\/div><div class=\"fusion-text fusion-text-1\"><p class=\"p1\" style=\"text-align: left;\"><strong>INTRODUCCI\u00d3N<\/strong><\/p>\n<p>Su privacidad es importante para nosotros, as\u00ed que, mediante este documento, le explicamos qu\u00e9 datos recogemos de los usuarios, c\u00f3mo los utilizamos y para qu\u00e9.<\/p>\n<p>No pediremos m\u00e1s informaci\u00f3n de la que necesitamos para la finalidad requerida ni la compartiremos con terceros, excepto por obligaci\u00f3n legal o con su autorizaci\u00f3n previa, ni utilizaremos sus datos para otra finalidad no indicada previamente.<\/p>\n<p>Como usuario, tendr\u00e1 que leer atentamente esta Pol\u00edtica de Privacidad de manera regular, y siempre que introduzca sus datos personales, puesto que este documento puede tener modificaciones.\u00a0Amix\u00a0puede modificar cualquier tipo de informaci\u00f3n que pudiera aparecer en la web para cumplir con la normativa o actualizar esta Pol\u00edtica de Privacidad, sin preavisar o ponerlo en conocimiento de los usuarios.<\/p>\n<p><strong>RESPONSABLE DEL TRATAMIENTO<\/strong><\/p>\n<p>Denominaci\u00f3n Social: AMIX IMPLANT S.L.<br \/>NIF:\u00a0<br \/>Domicilio Social: Pla\u00e7a Font y Cuss\u00f3, 1 &#8211; 08911 Badalona (Barcelona)<br \/>Correo electr\u00f3nico:\u00a0info@amiximplant.com<\/p>\n<p><strong>M\u00c9TODO DE OBTENCI\u00d3N DE LOS DATOS y DATOS QUE RECAUDAMOS<\/strong><\/p>\n<p>Recogemos y obtenemos sus datos mediante el formulario de contacto, en el cual recogemos su nombre, su tel\u00e9fono y su direcci\u00f3n de email. No se tratan categor\u00edas de datos especialmente protegidos.<\/p>\n<p><strong>FINALIDAD DEL TRATAMIENTO<\/strong><\/p>\n<p>Sus datos personales recogidos mediante el formulario de contacto solo se utilizar\u00e1n para la finalidad de responder a las consultas y proporcionar informaciones requeridas por el usuario, prestando su consentimiento para cada una de las finalidades en el apartado correspondiente de la web. No trataremos sus datos personales para ninguna otra finalidad que las descritas y no se ceder\u00e1n a terceros excepto por obligaci\u00f3n legal o requerimiento judicial. No ser\u00e1 objeto de decisiones basadas en tratamientos automatizados que produzcan efectos sobre sus datos.<\/p>\n<p>Las fotograf\u00edas que est\u00e9n colgadas en el web son propiedad de Amix, incluyendo las de los menores o personas con discapacidad, en las cuales, para la obtenci\u00f3n de estas, se ha obtenido el consentimiento previo de los padres, tutores o representantes legales mediante la firma de los formularios realizados para tal efecto por los centros de los cuales los menores forman parte. Sin embargo, los padres, tutores o representantes de los menores, como titulares del ejercicio de los derechos de estos, y siempre con previo requerimiento formal por escrito, pueden indicar la negativa al uso de la imagen del menor; en este caso, la imagen se mostrar\u00e1 pixelada. Puede revocar en cualquier momento su consentimiento remitiendo un escrito con el asunto \u00abBAJA\u00bb al mail info@amiximplant.com.<\/p>\n<p><strong>LEGITIMACI\u00d3N DEL TRATAMIENTO<\/strong><\/p>\n<p>La base legal para el tratamiento de los datos es su consentimiento otorgado en el momento de dar sus datos en el formulario correspondiente para llevar a cabo las finalidades previstas, en el momento de marcaci\u00f3n de la casilla de verificaci\u00f3n. El no facilitar los datos personales solicitados o el no aceptar la presente pol\u00edtica de privacidad supone la imposibilidad de conseguir las finalidades anteriormente descritas.<\/p>\n<p><strong>PLAZO DE CONSERVACI\u00d3N DE LOS DATOS<\/strong><\/p>\n<p>Sus datos se conservar\u00e1n mientras dure la relaci\u00f3n comercial con nosotros o ejerza su derecho de cancelaci\u00f3n u oposici\u00f3n, o limitaci\u00f3n en el tratamiento. Conservaremos sus datos en los plazos legalmente previstos.<\/p>\n<p><strong>DESTINATARIOS DE CESIONES O TRANSFERENCIAS<\/strong><\/p>\n<p>Amix no realiza cesi\u00f3n o comunicaci\u00f3n de datos ni dentro ni fuera de la UE. La informaci\u00f3n que nos proporcione a trav\u00e9s de este sitio web ser\u00e1 alojada en los servidores de Amix, contratados a la empresa que presta el servicio de alojamiento de la web, con quien se tiene subscrito un contrato de encargado del tratamiento.<\/p>\n<p><strong>DERECHOS DE LAS PERSONAS INTERESADAS<\/strong><\/p>\n<p>Como usuario interesado, puede solicitar el ejercicio de los derechos de acceso, rectificaci\u00f3n, cancelaci\u00f3n, oposici\u00f3n, limitaci\u00f3n al tratamiento y portabilidad ante Amix presentando un escrito a la direcci\u00f3n postal del encabezamiento o enviando un correo electr\u00f3nico a info@amiximplant.com, indicando como Asunto: \u201cPROTECCI\u00d3N DE DATOS: DERECHOS DE LOS AFECTADOS\u201d, y adjuntando fotocopia de su DNI o cualquier medio an\u00e1logo en derecho, tal como indica la ley.<\/p>\n<p>El usuario tiene derecho a retirar el consentimiento dado en cualquier momento. La retirada del consentimiento no afectar\u00e1 a la licitud del tratamiento efectuado antes de la retirada del consentimiento. Tambi\u00e9n tiene derecho a presentar una reclamaci\u00f3n ante la autoridad de control si considera que pueden haberse visto vulnerados sus derechos en relaci\u00f3n con la protecci\u00f3n de sus datos (aepd.es).<\/p>\n<p><strong>INFORMACI\u00d3N ADICIONAL<\/strong><\/p>\n<p><strong>IDIOMA<\/strong><\/p>\n<p>El idioma aplicable a esta pol\u00edtica de privacidad es el castellano. En caso de discrepancia entre alguna de las versiones facilitadas en otros idiomas, prevalecer\u00e1 la versi\u00f3n en castellano.<\/p>\n<p><strong>LEGISLACI\u00d3N<\/strong><\/p>\n<p>A todos los efectos, las relaciones entre\u00a0Amix\u00a0con los usuarios de esta web est\u00e1n sometidas a la legislaci\u00f3n y jurisdicci\u00f3n espa\u00f1ola a la cual se someten expresamente las partes. Los Juzgados y Tribunales de la ciudad de Barcelona (Espa\u00f1a) ser\u00e1n competentes para la resoluci\u00f3n de todos los conflictos derivados o relacionados con su uso.<\/p>\n<\/div><\/div><\/div><div class=\"fusion-layout-column fusion_builder_column fusion-builder-column-2 fusion_builder_column_1_6 1_6 fusion-flex-column\" style=\"--awb-bg-size:cover;--awb-width-large:16.666666666667%;--awb-margin-top-large:0px;--awb-spacing-right-large:11.52%;--awb-margin-bottom-large:0px;--awb-spacing-left-large:11.52%;--awb-width-medium:16.666666666667%;--awb-spacing-right-medium:11.52%;--awb-spacing-left-medium:11.52%;--awb-width-small:100%;--awb-spacing-right-small:1.92%;--awb-spacing-left-small:1.92%;\"><div class=\"fusion-column-wrapper fusion-flex-justify-content-flex-start fusion-content-layout-column\"><\/div><\/div><\/div><\/div>","protected":false},"excerpt":{"rendered":"","protected":false},"author":1,"featured_media":0,"parent":0,"menu_order":0,"comment_status":"closed","ping_status":"open","template":"","meta":{"footnotes":""},"class_list":["post-559","page","type-page","status-publish","hentry"],"yoast_head":"<!-- This site is optimized with the Yoast SEO plugin v20.1 - https:\/\/yoast.com\/wordpress\/plugins\/seo\/ -->\n<title>Pol\u00edtica de privacidad - Amix Implant<\/title>\n<meta name=\"robots\" content=\"index, follow, max-snippet:-1, max-image-preview:large, max-video-preview:-1\" \/>\n<link rel=\"canonical\" href=\"https:\/\/www.amiximplant.com\/es\/politica-de-privacidad\/\" \/>\n<meta property=\"og:locale\" content=\"es_ES\" \/>\n<meta property=\"og:type\" content=\"article\" \/>\n<meta property=\"og:title\" content=\"Pol\u00edtica de privacidad - Amix Implant\" \/>\n<meta property=\"og:url\" content=\"https:\/\/www.amiximplant.com\/es\/politica-de-privacidad\/\" \/>\n<meta property=\"og:site_name\" content=\"Amix Implant\" \/>\n<meta property=\"article:modified_time\" content=\"2022-04-13T07:27:31+00:00\" \/>\n<meta name=\"twitter:card\" content=\"summary_large_image\" \/>\n<meta name=\"twitter:label1\" content=\"Tiempo de lectura\" \/>\n\t<meta name=\"twitter:data1\" content=\"6 minutos\" \/>\n<script type=\"application\/ld+json\" class=\"yoast-schema-graph\">{\"@context\":\"https:\/\/schema.org\",\"@graph\":[{\"@type\":\"WebPage\",\"@id\":\"https:\/\/www.amiximplant.com\/es\/politica-de-privacidad\/\",\"url\":\"https:\/\/www.amiximplant.com\/es\/politica-de-privacidad\/\",\"name\":\"Pol\u00edtica de privacidad - Amix Implant\",\"isPartOf\":{\"@id\":\"https:\/\/www.amiximplant.com\/#website\"},\"datePublished\":\"2021-10-23T15:09:03+00:00\",\"dateModified\":\"2022-04-13T07:27:31+00:00\",\"breadcrumb\":{\"@id\":\"https:\/\/www.amiximplant.com\/es\/politica-de-privacidad\/#breadcrumb\"},\"inLanguage\":\"es\",\"potentialAction\":[{\"@type\":\"ReadAction\",\"target\":[\"https:\/\/www.amiximplant.com\/es\/politica-de-privacidad\/\"]}]},{\"@type\":\"BreadcrumbList\",\"@id\":\"https:\/\/www.amiximplant.com\/es\/politica-de-privacidad\/#breadcrumb\",\"itemListElement\":[{\"@type\":\"ListItem\",\"position\":1,\"name\":\"\",\"item\":\"https:\/\/www.amiximplant.com\/es\/\"},{\"@type\":\"ListItem\",\"position\":2,\"name\":\"Pol\u00edtica de privacidad\"}]},{\"@type\":\"WebSite\",\"@id\":\"https:\/\/www.amiximplant.com\/#website\",\"url\":\"https:\/\/www.amiximplant.com\/\",\"name\":\"Amix Implant\",\"description\":\"Cl\u00ednica Dental Badalona - Dentista\",\"potentialAction\":[{\"@type\":\"SearchAction\",\"target\":{\"@type\":\"EntryPoint\",\"urlTemplate\":\"https:\/\/www.amiximplant.com\/?s={search_term_string}\"},\"query-input\":\"required name=search_term_string\"}],\"inLanguage\":\"es\"}]}<\/script>\n<!-- \/ Yoast SEO plugin. -->","yoast_head_json":{"title":"Pol\u00edtica de privacidad - Amix Implant","robots":{"index":"index","follow":"follow","max-snippet":"max-snippet:-1","max-image-preview":"max-image-preview:large","max-video-preview":"max-video-preview:-1"},"canonical":"https:\/\/www.amiximplant.com\/es\/politica-de-privacidad\/","og_locale":"es_ES","og_type":"article","og_title":"Pol\u00edtica de privacidad - Amix Implant","og_url":"https:\/\/www.amiximplant.com\/es\/politica-de-privacidad\/","og_site_name":"Amix Implant","article_modified_time":"2022-04-13T07:27:31+00:00","twitter_card":"summary_large_image","twitter_misc":{"Tiempo de lectura":"6 minutos"},"schema":{"@context":"https:\/\/schema.org","@graph":[{"@type":"WebPage","@id":"https:\/\/www.amiximplant.com\/es\/politica-de-privacidad\/","url":"https:\/\/www.amiximplant.com\/es\/politica-de-privacidad\/","name":"Pol\u00edtica de privacidad - Amix Implant","isPartOf":{"@id":"https:\/\/www.amiximplant.com\/#website"},"datePublished":"2021-10-23T15:09:03+00:00","dateModified":"2022-04-13T07:27:31+00:00","breadcrumb":{"@id":"https:\/\/www.amiximplant.com\/es\/politica-de-privacidad\/#breadcrumb"},"inLanguage":"es","potentialAction":[{"@type":"ReadAction","target":["https:\/\/www.amiximplant.com\/es\/politica-de-privacidad\/"]}]},{"@type":"BreadcrumbList","@id":"https:\/\/www.amiximplant.com\/es\/politica-de-privacidad\/#breadcrumb","itemListElement":[{"@type":"ListItem","position":1,"name":"","item":"https:\/\/www.amiximplant.com\/es\/"},{"@type":"ListItem","position":2,"name":"Pol\u00edtica de privacidad"}]},{"@type":"WebSite","@id":"https:\/\/www.amiximplant.com\/#website","url":"https:\/\/www.amiximplant.com\/","name":"Amix Implant","description":"Cl\u00ednica Dental Badalona - Dentista","potentialAction":[{"@type":"SearchAction","target":{"@type":"EntryPoint","urlTemplate":"https:\/\/www.amiximplant.com\/?s={search_term_string}"},"query-input":"required name=search_term_string"}],"inLanguage":"es"}]}},"_links":{"self":[{"href":"https:\/\/www.amiximplant.com\/es\/wp-json\/wp\/v2\/pages\/559","targetHints":{"allow":["GET"]}}],"collection":[{"href":"https:\/\/www.amiximplant.com\/es\/wp-json\/wp\/v2\/pages"}],"about":[{"href":"https:\/\/www.amiximplant.com\/es\/wp-json\/wp\/v2\/types\/page"}],"author":[{"embeddable":true,"href":"https:\/\/www.amiximplant.com\/es\/wp-json\/wp\/v2\/users\/1"}],"replies":[{"embeddable":true,"href":"https:\/\/www.amiximplant.com\/es\/wp-json\/wp\/v2\/comments?post=559"}],"version-history":[{"count":4,"href":"https:\/\/www.amiximplant.com\/es\/wp-json\/wp\/v2\/pages\/559\/revisions"}],"predecessor-version":[{"id":795,"href":"https:\/\/www.amiximplant.com\/es\/wp-json\/wp\/v2\/pages\/559\/revisions\/795"}],"wp:attachment":[{"href":"https:\/\/www.amiximplant.com\/es\/wp-json\/wp\/v2\/media?parent=559"}],"curies":[{"name":"wp","href":"https:\/\/api.w.org\/{rel}","templated":true}]}}