{"id":576,"date":"2022-03-22T13:34:11","date_gmt":"2022-03-22T13:34:11","guid":{"rendered":"https:\/\/www.amiximplant.com\/?page_id=576"},"modified":"2022-04-13T09:18:02","modified_gmt":"2022-04-13T09:18:02","slug":"politica-de-cookies","status":"publish","type":"page","link":"https:\/\/www.amiximplant.com\/es\/politica-de-cookies\/","title":{"rendered":"Pol\u00edtica de Cookies"},"content":{"rendered":"<div class=\"fusion-fullwidth fullwidth-box fusion-builder-row-1 fusion-flex-container nonhundred-percent-fullwidth non-hundred-percent-height-scrolling\" style=\"--awb-border-radius-top-left:0px;--awb-border-radius-top-right:0px;--awb-border-radius-bottom-right:0px;--awb-border-radius-bottom-left:0px;\" ><div class=\"fusion-builder-row fusion-row fusion-flex-align-items-flex-start\" style=\"max-width:104%;margin-left: calc(-4% \/ 2 );margin-right: calc(-4% \/ 2 );\"><div class=\"fusion-layout-column fusion_builder_column fusion-builder-column-0 fusion_builder_column_1_6 1_6 fusion-flex-column\" style=\"--awb-bg-size:cover;--awb-width-large:16.666666666667%;--awb-margin-top-large:0px;--awb-spacing-right-large:11.52%;--awb-margin-bottom-large:0px;--awb-spacing-left-large:11.52%;--awb-width-medium:16.666666666667%;--awb-spacing-right-medium:11.52%;--awb-spacing-left-medium:11.52%;--awb-width-small:100%;--awb-spacing-right-small:1.92%;--awb-spacing-left-small:1.92%;\"><div class=\"fusion-column-wrapper fusion-flex-justify-content-flex-start fusion-content-layout-column\"><\/div><\/div><div class=\"fusion-layout-column fusion_builder_column fusion-builder-column-1 fusion_builder_column_2_3 2_3 fusion-flex-column\" style=\"--awb-bg-size:cover;--awb-width-large:66.666666666667%;--awb-margin-top-large:0px;--awb-spacing-right-large:2.88%;--awb-margin-bottom-large:0px;--awb-spacing-left-large:2.88%;--awb-width-medium:66.666666666667%;--awb-spacing-right-medium:2.88%;--awb-spacing-left-medium:2.88%;--awb-width-small:100%;--awb-spacing-right-small:1.92%;--awb-spacing-left-small:1.92%;\"><div class=\"fusion-column-wrapper fusion-flex-justify-content-flex-start fusion-content-layout-column\"><div class=\"fusion-title title fusion-title-1 fusion-sep-none fusion-title-center fusion-title-text fusion-title-size-two\"><h2 class=\"title-heading-center\" style=\"margin:0;\">Pol\u00edtica de cookies<\/h2><\/div><div class=\"fusion-text fusion-text-1\"><p>Amix\u00a0ha desarrollado esta pol\u00edtica para informarte de qu\u00e9 es una\u00a0cookie, las cuales usamos en esta web; y ayudarte a poder gestionarlas seg\u00fan tu inter\u00e9s.<\/p>\n<p>Con tu primera visita en nuestra web est\u00e1s siendo informado de la existencia de cookies y de la presente pol\u00edtica de cookies. As\u00ed mismo, podr\u00e1s configurar las cookies que deseas instalar, entre diferentes categor\u00edas. Podr\u00e1s consultar nuestra pol\u00edtica en cualquier momento en la parte inferior de la\u00a0web \u00abPol\u00edtica de Cookies\u00bb.<\/p>\n<p>Mediante la configuraci\u00f3n de las Cookies, o la aceptaci\u00f3n del aviso de Cookies, est\u00e1s consintiendo la instalaci\u00f3n de las cookies informadas o configuradas (salvo que hayas modificado la configuraci\u00f3n de tu navegador para rechazar todas o determinadas cookies por defecto).<\/p>\n<p><strong>1. INFORMACI\u00d3N GENERAL SOBRE LAS COOKIES<\/strong><\/p>\n<p>Una \u00abCookie\u00bb es un peque\u00f1o archivo de texto que un sitio web almacena en el navegador del usuario. Las cookies facilitan el uso y la navegaci\u00f3n de una p\u00e1gina web y son esenciales para el funcionamiento de internet, aportando innumerables ventajas a la prestaci\u00f3n de servicios interactivos.<\/p>\n<p>Las cookies se utilizan por ejemplo para gestionar la sesi\u00f3n del usuario (reduciendo el n\u00famero a veces que tiene que incluir su contrase\u00f1a) o para adecuar los contenidos de una p\u00e1gina web a sus preferencias.<\/p>\n<p>Las cookies pueden ser de \u00absesi\u00f3n\u00bb, por el que se borrar\u00e1n una vez el usuario abandone la p\u00e1gina web que las gener\u00f3 o \u00abpersistentes\u00bb, que permanecen en su ordenador hasta una fecha determinada.<\/p>\n<p>As\u00ed mismo, las cookies pueden ser \u201cpropias\u201d o de \u201cterceros\u201d. Las primeras son aquellas que se env\u00edan al ordenador del usuario desde un equipo o dominio gestionado por\u00a0Amix, mientras que las cookies de \u201cterceros\u201d son aquellas que se env\u00edan al ordenador del usuario desde un equipo o dominio gestionado por los proveedores de servicios contratados por\u00a0Amix\u00a0(por ejemplo, el servicio de anal\u00edtica web, que es ofrecido por Google).<\/p>\n<p>Esta \u201cPol\u00edtica de Cookies\u00bb ha sido elaborada a partir de una auditor\u00eda externa, estando sujeta a actualizaciones peri\u00f3dicas. Su prop\u00f3sito es ayudarlo a comprender el uso que la presente p\u00e1gina web hace de las cookies, la finalidad de las cookies utilizadas, as\u00ed como de las opciones que el usuario tiene a su disposici\u00f3n para gestionarlas.<\/p>\n<p>El uso de esta web con la funcionalidad del navegador habilitada para aceptar cookies, implica la aceptaci\u00f3n por parte del usuario de la tecnolog\u00eda\u00a0cookie\u00a0utilizada por esta web.<\/p>\n<p><strong>2.COOKIES QUE INSTALA ESTA WEB: COOKIES T\u00c9CNICAS DE\u00a0USO INTERNO<\/strong><\/p>\n<p>Esta web utiliza cookies de uso interno imprescindibles para el funcionamiento de la web, como por ejemplo aquellas que permiten la autenticaci\u00f3n o el mantenimiento de la sesi\u00f3n del usuario registrado cuando navega por la p\u00e1gina. La desactivaci\u00f3n de estas cookies impide el funcionamiento correcto de algunas de las funcionalidades de la web.<\/p>\n<p>As\u00ed mismo, la plataforma\u00a0YouTube, de Google, puede instalar cookies necesarias para gestionar la visualizaci\u00f3n de videos que se incluyan en esta. Estas cookies no dependen de\u00a0Amix\u00a0ni tenemos ning\u00fan control sobre ellas (y tampoco nos proporcionan ninguna informaci\u00f3n).<\/p>\n<p><strong>COOKIES ANAL\u00cdTICAS<\/strong><\/p>\n<p>Esta web utiliza cookies anal\u00edticas para recaudar estad\u00edsticas sobre la actividad del usuario a la web y la actividad general de esta. La informaci\u00f3n recopilada permite optimizar la navegaci\u00f3n por nuestra p\u00e1gina web y garantizar el mejor servicio al usuario, conociendo por ejemplo el n\u00famero de p\u00e1ginas visitadas, el idioma utilizado, la frecuencia y reincidencia de las visitas, el tiempo de las visitas o el navegador utilizado, entre otros. El usuario puede excluir su actividad mediante los sistemas de exclusi\u00f3n facilitados por las herramientas anal\u00edticas o por la propia configuraci\u00f3n de su navegador.<\/p>\n<p>Las aplicaciones utilizadas para obtener esta informaci\u00f3n son las siguientes:<\/p>\n<table class=\"t1\" cellspacing=\"0\" cellpadding=\"0\">\n<tbody>\n<tr>\n<td class=\"td1\" valign=\"top\">\n<p class=\"p3\"><b>SERVICIO<\/b><\/p>\n<\/td>\n<td class=\"td2\" valign=\"top\">\n<p class=\"p3\" style=\"text-align: center;\"><b>\u00a0 \u00a0PROVEEDOR\u00a0 \u00a0<\/b><\/p>\n<\/td>\n<td class=\"td3\" valign=\"top\">\n<p class=\"p3\"><b>M\u00c1S INFORMACI\u00d3N<\/b><\/p>\n<\/td>\n<\/tr>\n<tr>\n<td class=\"td4\" valign=\"top\">\n<p class=\"p4\" style=\"text-align: left;\">Google Analytics<\/p>\n<\/td>\n<td class=\"td5\" valign=\"top\">\n<p class=\"p4\" style=\"text-align: center;\">Google<\/p>\n<\/td>\n<td class=\"td6\" valign=\"top\">\n<p class=\"p5\"><span class=\"s1\"><a href=\"http:\/\/www.google.com\/analytics\">http:\/\/www.google.com\/analytics<\/a><\/span><\/p>\n<p class=\"p5\"><span class=\"s1\"><a href=\"https:\/\/policies.google.com\/privacy?hl=es\">https:\/\/policies.google.com\/privacy?hl=es<\/a><\/span><\/p>\n<p class=\"p4\">Les cookies de Google tenen una duraci\u00f3 m\u00e0xima de 2 anys.<\/p>\n<\/td>\n<\/tr>\n<\/tbody>\n<\/table>\n<p><strong>3. GARANT\u00cdAS Y OPCIONES SOBRE LAS COOKIES<\/strong><\/p>\n<p>En cualquier momento el usuario tiene la posibilidad de aceptar o rechazar la instalaci\u00f3n de cookies, o bien rechazar la instalaci\u00f3n de un determinado tipo de cookies, como las cookies de publicidad y de terceros. Adem\u00e1s, despu\u00e9s de cada sesi\u00f3n puede eliminar todas o algunas de las cookies almacenadas.<\/p>\n<p>As\u00ed mismo, el usuario puede activar:<\/p>\n<p>\u2013 La navegaci\u00f3n privada, mediante la cual su navegador deja de guardar el historial de navegaci\u00f3n, contrase\u00f1as de sitios web, cookies y otra informaci\u00f3n de las p\u00e1ginas que visita.<\/p>\n<p>\u2013 La funci\u00f3n de no rastrear, por la cual el navegador pide a los sitios web que visita que no rastreen sus h\u00e1bitos de navegaci\u00f3n, por ejemplo, servirle publicidad de su inter\u00e9s a los lugares que visita.<\/p>\n<p>Le recomendamos que consulte la ayuda de su navegador para informarse de las diferentes opciones sobre c\u00f3mo gestionar las cookies. Tenga en cuenta que el bloqueo de cookies puede afectar a todas o algunas de las funcionalidades de nuestra web. Para su comodidad, a continuaci\u00f3n, le proporcionamos los links de ayuda o configuraci\u00f3n de cookies de los navegadores principales:<\/p>\n<p class=\"p1\"><b>\u00a0<\/b><\/p>\n<table class=\"t1\" cellspacing=\"0\" cellpadding=\"0\">\n<tbody>\n<tr>\n<td class=\"td7\" valign=\"top\">\n<p>Microsoft Internet Explorer 11\u00a0 \u00a0 \u00a0 \u00a0<\/p>\n<\/td>\n<td class=\"td8\" valign=\"top\">\n<p><span class=\"s1\"><a href=\"http:\/\/windows.microsoft.com\/es-es\/internet-explorer\/delete-manage-cookies#ie=ie-11\">http:\/\/windows.microsoft.com\/es-es\/internet-explorer\/delete-manage-cookies#ie=ie-11<\/a><\/span><\/p>\n<\/td>\n<\/tr>\n<tr>\n<td class=\"td9\" valign=\"top\">\n<p>Microsoft Edge<\/p>\n<\/td>\n<td class=\"td10\" valign=\"top\">\n<p><span class=\"s1\"><a href=\"http:\/\/windows.microsoft.com\/es-xl\/windows-10\/edge-privacy-faq\">http:\/\/windows.microsoft.com\/es-xl\/windows-10\/edge-privacy-faq<\/a><\/span><\/p>\n<\/td>\n<\/tr>\n<tr>\n<td class=\"td7\" valign=\"top\">\n<p>Apple Safari 8 (Yosemite)<\/p>\n<\/td>\n<td class=\"td8\" valign=\"top\">\n<p><span class=\"s1\"><a href=\"https:\/\/support.apple.com\/kb\/PH19214?locale=es_ES\">https:\/\/support.apple.com\/kb\/PH19214?locale=es_ES<\/a><\/span><\/p>\n<\/td>\n<\/tr>\n<tr>\n<td class=\"td11\" valign=\"top\">\n<p>Apple Safari 9 (El Capit\u00e1n)<\/p>\n<p>y siguientes<\/p>\n<\/td>\n<td class=\"td12\" valign=\"top\">\n<p><span class=\"s1\"><a href=\"https:\/\/support.apple.com\/kb\/PH21411?locale=es_ES\">https:\/\/support.apple.com\/kb\/PH21411?locale=es_ES<\/a><\/span><\/p>\n<\/td>\n<\/tr>\n<tr>\n<td class=\"td13\" valign=\"top\">\n<p>Google Chrome<\/p>\n<\/td>\n<td class=\"td14\" valign=\"top\">\n<p><span class=\"s1\"><a href=\"https:\/\/support.google.com\/chrome\/answer\/95647?hl=es\">https:\/\/support.google.com\/chrome\/answer\/95647?hl=es<\/a><\/span><\/p>\n<\/td>\n<\/tr>\n<tr>\n<td class=\"td15\" valign=\"top\">\n<p>Mozilla Firefox<\/p>\n<\/td>\n<td class=\"td16\" valign=\"top\">\n<p><span class=\"s1\"><a href=\"https:\/\/support.mozilla.org\/es\/kb\/habilitar-y-deshabilitar-cookies-que-los-sitios-we\">https:\/\/support.mozilla.org\/es\/kb\/habilitar-y-deshabilitar-cookies-que-los-sitios-we<\/a><\/span><\/p>\n<p class=\"p5\"><span class=\"s1\"><a href=\"https:\/\/support.mozilla.org\/es\/kb\/Borrar%20cookies\">https:\/\/support.mozilla.org\/es\/kb\/Borrar cookies<\/a><\/span><\/p>\n<\/td>\n<\/tr>\n<\/tbody>\n<\/table>\n<p>Los links anteriores pueden actualizarse por parte de las Empresas desarrolladoras de estos navegadores.\u00a0Amix\u00a0pondr\u00e1 todos los esfuerzos razonables para mantener el listado anterior debidamente actualizado. Sin embargo, si alg\u00fan link no funcionara o no estuviera actualizado, puede acudir al men\u00fa \u201cAyuda\u201d de su navegador.<\/p>\n<p>Si desea tener un mayor control sobre la instalaci\u00f3n de Cookies, puede instalar programas o complementos en su navegador, conocidos como herramientas de \u201cDo\u00a0Not\u00a0Track\u201d, que le permitir\u00e1n elegir aquellas Cookies que desea permitir.<\/p>\n<p><strong>4. OPONERSE A LA INSTALACI\u00d3N DE COOKIES DE PROVEEDORES<\/strong><\/p>\n<p>Cuando visite por primera vez nuestra p\u00e1gina web le ofreceremos la posibilidad de configurar qu\u00e9 Cookies desea instalar. Podr\u00e1 oponerse a la instalaci\u00f3n de cualquier categor\u00eda de Cookies, excepto a las t\u00e9cnicas, que son necesarias para el correcto funcionamiento de la p\u00e1gina web.<\/p>\n<p>As\u00ed mismo, como se indica en el apartado anterior, el Usuario puede, en cualquier momento, rechazar la instalaci\u00f3n de un determinado tipo de cookies, como las cookies de publicidad y de terceros, mediante la configuraci\u00f3n del propio navegador.<\/p>\n<p>&nbsp;<\/p>\n<\/div><\/div><\/div><div class=\"fusion-layout-column fusion_builder_column fusion-builder-column-2 fusion_builder_column_1_6 1_6 fusion-flex-column\" style=\"--awb-bg-size:cover;--awb-width-large:16.666666666667%;--awb-margin-top-large:0px;--awb-spacing-right-large:11.52%;--awb-margin-bottom-large:0px;--awb-spacing-left-large:11.52%;--awb-width-medium:16.666666666667%;--awb-spacing-right-medium:11.52%;--awb-spacing-left-medium:11.52%;--awb-width-small:100%;--awb-spacing-right-small:1.92%;--awb-spacing-left-small:1.92%;\"><div class=\"fusion-column-wrapper fusion-flex-justify-content-flex-start fusion-content-layout-column\"><\/div><\/div><\/div><\/div>","protected":false},"excerpt":{"rendered":"","protected":false},"author":1,"featured_media":0,"parent":0,"menu_order":0,"comment_status":"closed","ping_status":"open","template":"","meta":{"footnotes":""},"class_list":["post-576","page","type-page","status-publish","hentry"],"yoast_head":"<!-- This site is optimized with the Yoast SEO plugin v20.1 - https:\/\/yoast.com\/wordpress\/plugins\/seo\/ -->\n<title>Pol\u00edtica de Cookies - Amix Implant<\/title>\n<meta name=\"robots\" content=\"index, follow, max-snippet:-1, max-image-preview:large, max-video-preview:-1\" \/>\n<link rel=\"canonical\" href=\"https:\/\/www.amiximplant.com\/es\/politica-de-cookies\/\" \/>\n<meta property=\"og:locale\" content=\"es_ES\" \/>\n<meta property=\"og:type\" content=\"article\" \/>\n<meta property=\"og:title\" content=\"Pol\u00edtica de Cookies - Amix Implant\" \/>\n<meta property=\"og:url\" content=\"https:\/\/www.amiximplant.com\/es\/politica-de-cookies\/\" \/>\n<meta property=\"og:site_name\" content=\"Amix Implant\" \/>\n<meta property=\"article:modified_time\" content=\"2022-04-13T09:18:02+00:00\" \/>\n<meta name=\"twitter:card\" content=\"summary_large_image\" \/>\n<meta name=\"twitter:label1\" content=\"Tiempo de lectura\" \/>\n\t<meta name=\"twitter:data1\" content=\"9 minutos\" \/>\n<script type=\"application\/ld+json\" class=\"yoast-schema-graph\">{\"@context\":\"https:\/\/schema.org\",\"@graph\":[{\"@type\":\"WebPage\",\"@id\":\"https:\/\/www.amiximplant.com\/es\/politica-de-cookies\/\",\"url\":\"https:\/\/www.amiximplant.com\/es\/politica-de-cookies\/\",\"name\":\"Pol\u00edtica de Cookies - Amix Implant\",\"isPartOf\":{\"@id\":\"https:\/\/www.amiximplant.com\/#website\"},\"datePublished\":\"2022-03-22T13:34:11+00:00\",\"dateModified\":\"2022-04-13T09:18:02+00:00\",\"breadcrumb\":{\"@id\":\"https:\/\/www.amiximplant.com\/es\/politica-de-cookies\/#breadcrumb\"},\"inLanguage\":\"es\",\"potentialAction\":[{\"@type\":\"ReadAction\",\"target\":[\"https:\/\/www.amiximplant.com\/es\/politica-de-cookies\/\"]}]},{\"@type\":\"BreadcrumbList\",\"@id\":\"https:\/\/www.amiximplant.com\/es\/politica-de-cookies\/#breadcrumb\",\"itemListElement\":[{\"@type\":\"ListItem\",\"position\":1,\"name\":\"\",\"item\":\"https:\/\/www.amiximplant.com\/es\/\"},{\"@type\":\"ListItem\",\"position\":2,\"name\":\"Pol\u00edtica de Cookies\"}]},{\"@type\":\"WebSite\",\"@id\":\"https:\/\/www.amiximplant.com\/#website\",\"url\":\"https:\/\/www.amiximplant.com\/\",\"name\":\"Amix Implant\",\"description\":\"Cl\u00ednica Dental Badalona - Dentista\",\"potentialAction\":[{\"@type\":\"SearchAction\",\"target\":{\"@type\":\"EntryPoint\",\"urlTemplate\":\"https:\/\/www.amiximplant.com\/?s={search_term_string}\"},\"query-input\":\"required name=search_term_string\"}],\"inLanguage\":\"es\"}]}<\/script>\n<!-- \/ Yoast SEO plugin. -->","yoast_head_json":{"title":"Pol\u00edtica de Cookies - Amix Implant","robots":{"index":"index","follow":"follow","max-snippet":"max-snippet:-1","max-image-preview":"max-image-preview:large","max-video-preview":"max-video-preview:-1"},"canonical":"https:\/\/www.amiximplant.com\/es\/politica-de-cookies\/","og_locale":"es_ES","og_type":"article","og_title":"Pol\u00edtica de Cookies - Amix Implant","og_url":"https:\/\/www.amiximplant.com\/es\/politica-de-cookies\/","og_site_name":"Amix Implant","article_modified_time":"2022-04-13T09:18:02+00:00","twitter_card":"summary_large_image","twitter_misc":{"Tiempo de lectura":"9 minutos"},"schema":{"@context":"https:\/\/schema.org","@graph":[{"@type":"WebPage","@id":"https:\/\/www.amiximplant.com\/es\/politica-de-cookies\/","url":"https:\/\/www.amiximplant.com\/es\/politica-de-cookies\/","name":"Pol\u00edtica de Cookies - Amix Implant","isPartOf":{"@id":"https:\/\/www.amiximplant.com\/#website"},"datePublished":"2022-03-22T13:34:11+00:00","dateModified":"2022-04-13T09:18:02+00:00","breadcrumb":{"@id":"https:\/\/www.amiximplant.com\/es\/politica-de-cookies\/#breadcrumb"},"inLanguage":"es","potentialAction":[{"@type":"ReadAction","target":["https:\/\/www.amiximplant.com\/es\/politica-de-cookies\/"]}]},{"@type":"BreadcrumbList","@id":"https:\/\/www.amiximplant.com\/es\/politica-de-cookies\/#breadcrumb","itemListElement":[{"@type":"ListItem","position":1,"name":"","item":"https:\/\/www.amiximplant.com\/es\/"},{"@type":"ListItem","position":2,"name":"Pol\u00edtica de Cookies"}]},{"@type":"WebSite","@id":"https:\/\/www.amiximplant.com\/#website","url":"https:\/\/www.amiximplant.com\/","name":"Amix Implant","description":"Cl\u00ednica Dental Badalona - Dentista","potentialAction":[{"@type":"SearchAction","target":{"@type":"EntryPoint","urlTemplate":"https:\/\/www.amiximplant.com\/?s={search_term_string}"},"query-input":"required name=search_term_string"}],"inLanguage":"es"}]}},"_links":{"self":[{"href":"https:\/\/www.amiximplant.com\/es\/wp-json\/wp\/v2\/pages\/576","targetHints":{"allow":["GET"]}}],"collection":[{"href":"https:\/\/www.amiximplant.com\/es\/wp-json\/wp\/v2\/pages"}],"about":[{"href":"https:\/\/www.amiximplant.com\/es\/wp-json\/wp\/v2\/types\/page"}],"author":[{"embeddable":true,"href":"https:\/\/www.amiximplant.com\/es\/wp-json\/wp\/v2\/users\/1"}],"replies":[{"embeddable":true,"href":"https:\/\/www.amiximplant.com\/es\/wp-json\/wp\/v2\/comments?post=576"}],"version-history":[{"count":5,"href":"https:\/\/www.amiximplant.com\/es\/wp-json\/wp\/v2\/pages\/576\/revisions"}],"predecessor-version":[{"id":837,"href":"https:\/\/www.amiximplant.com\/es\/wp-json\/wp\/v2\/pages\/576\/revisions\/837"}],"wp:attachment":[{"href":"https:\/\/www.amiximplant.com\/es\/wp-json\/wp\/v2\/media?parent=576"}],"curies":[{"name":"wp","href":"https:\/\/api.w.org\/{rel}","templated":true}]}}